{"id":4058,"date":"2025-11-17T08:23:40","date_gmt":"2025-11-17T07:23:40","guid":{"rendered":"https:\/\/www.kuralp.com\/?post_type=product&#038;p=4058"},"modified":"2025-11-17T09:10:53","modified_gmt":"2025-11-17T08:10:53","slug":"immuno-kural-nahrungserganzungsmittel-copia","status":"publish","type":"product","link":"https:\/\/www.kuralp.com\/de\/prodotto\/immuno-kural-nahrungserganzungsmittel-copia\/","title":{"rendered":"Vita C Kural"},"content":{"rendered":"<p><strong>Beschreibung des Produkts:<\/strong><\/p>\n<p>Dank des hohen nat\u00fcrlichen Gehalts an Vitamin C aus Hagebutten ist VITA C KURAL eine wertvolle Unterst\u00fctzung f\u00fcr alle, die ihre nat\u00fcrlichen Abwehrkr\u00e4fte st\u00e4rken, M\u00fcdigkeit bek\u00e4mpfen und Haut und Knochen gesund halten m\u00f6chten.<\/p>\n<p><strong>Anwendung:<\/strong><\/p>\n<p>Es wird empfohlen, ein- bis zweimal t\u00e4glich zwei geh\u00e4ufte Messl\u00f6ffel (600 mg) in einem Glas Wasser aufgel\u00f6st einzunehmen.<\/p>\n<p><strong>Zutaten:<\/strong><\/p>\n<p>Hagebuttenfr\u00fcchte, titriert auf 70 % Vitamin C<\/p>\n<p><strong>Bitte beachten:<\/strong><\/p>\n<p>&#8211; Die empfohlene Tagesdosis darf nicht \u00fcberschritten werden.<\/p>\n<p>&#8211; Au\u00dferhalb der Reichweite von Kindern unter 3 Jahren aufbewahren.<\/p>\n<p>&#8211; Nahrungserg\u00e4nzungsmittel sind kein Ersatz f\u00fcr eine abwechslungsreiche und ausgewogene Ern\u00e4hrung und eine gesunde Lebensweise.<\/p>\n<p><strong>Lagerung:<\/strong><\/p>\n<p>An einem k\u00fchlen, trockenen Ort, vor Sonnenlicht und W\u00e4rmequellen gesch\u00fctzt lagern. Das Verfallsdatum bezieht sich auf das ordnungsgem\u00e4\u00df gelagerte Produkt in unbesch\u00e4digter Verpackung. Nach Gebrauch sorgf\u00e4ltig verschlie\u00dfen.<\/p>\n<p><strong>Format:<\/strong><\/p>\n<p>Packung mit 120 g Pulver und Messl\u00f6ffel im Inneren.<\/p>\n<p><strong>Hinweis:<\/strong><\/p>\n<p>Vita C Kural ist ideal f\u00fcr alle, die ein nat\u00fcrliches Vitamin C suchen, das besser aufgenommen wird und vertr\u00e4glicher ist, um das Immunsystem zu unterst\u00fctzen. Weitere Eigenschaften von Vitamin C sind:<\/p>\n<p>&#8211; seine antioxidative und somit sch\u00fctzende Wirkung gegen freie Radikale, die f\u00fcr die Zellalterung verantwortlich sind.<\/p>\n<p>&#8211; es spielt eine wichtige Rolle bei der Bildung von Kollagen, das Haut, Muskeln, Knochen, Knorpel, Zahnfleisch, Z\u00e4hne und Blutgef\u00e4\u00dfe st\u00e4rkt.<\/p>\n<p>&#8211; es f\u00f6rdert die Aufnahme von Eisen.<\/p>\n","protected":false},"excerpt":{"rendered":"<p>Vita C Kural, Nahrungserg\u00e4nzungsmittel in Pulverform auf Basis von Hagebutten: unterst\u00fctzt das t\u00e4gliche Wohlbefinden und tr\u00e4gt zur ordnungsgem\u00e4\u00dfen Funktion des Organismus bei, insbesondere in Zeiten erh\u00f6hter k\u00f6rperlicher und geistiger Belastung.<\/p>\n","protected":false},"featured_media":4093,"template":"","meta":[],"product_brand":[],"product_cat":[36],"product_tag":[],"class_list":{"0":"post-4058","1":"product","2":"type-product","3":"status-publish","4":"has-post-thumbnail","6":"product_cat-nahrungsergaenzungsmittel-de","8":"first","9":"instock","10":"taxable","11":"shipping-taxable","12":"purchasable","13":"product-type-simple"},"_links":{"self":[{"href":"https:\/\/www.kuralp.com\/de\/wp-json\/wp\/v2\/product\/4058","targetHints":{"allow":["GET"]}}],"collection":[{"href":"https:\/\/www.kuralp.com\/de\/wp-json\/wp\/v2\/product"}],"about":[{"href":"https:\/\/www.kuralp.com\/de\/wp-json\/wp\/v2\/types\/product"}],"wp:featuredmedia":[{"embeddable":true,"href":"https:\/\/www.kuralp.com\/de\/wp-json\/wp\/v2\/media\/4093"}],"wp:attachment":[{"href":"https:\/\/www.kuralp.com\/de\/wp-json\/wp\/v2\/media?parent=4058"}],"wp:term":[{"taxonomy":"product_brand","embeddable":true,"href":"https:\/\/www.kuralp.com\/de\/wp-json\/wp\/v2\/product_brand?post=4058"},{"taxonomy":"product_cat","embeddable":true,"href":"https:\/\/www.kuralp.com\/de\/wp-json\/wp\/v2\/product_cat?post=4058"},{"taxonomy":"product_tag","embeddable":true,"href":"https:\/\/www.kuralp.com\/de\/wp-json\/wp\/v2\/product_tag?post=4058"}],"curies":[{"name":"wp","href":"https:\/\/api.w.org\/{rel}","templated":true}]}}