{"id":3298,"date":"2024-07-03T14:54:07","date_gmt":"2024-07-03T12:54:07","guid":{"rendered":"https:\/\/www.kuralp.com\/prodotto\/natto-kural-integratore-alimentare\/"},"modified":"2025-05-23T09:27:11","modified_gmt":"2025-05-23T07:27:11","slug":"natto-kural-nahrungsergaenzungsmittel","status":"publish","type":"product","link":"https:\/\/www.kuralp.com\/de\/prodotto\/natto-kural-nahrungsergaenzungsmittel\/","title":{"rendered":"Natto-Kural"},"content":{"rendered":"<p><strong>Beschreibung des Produkts:<\/strong><\/p>\n<p>NATTO KURAL ist ein Nahrungserg\u00e4nzungsmittel mit Bromelain, fermentiertem Soja und Kurkuma Meriva\u00ae, einem wirksamen Komplex, der die Gesundheit der Gelenke, das Wohlbefinden des Kreislaufs und die Verdauungsfunktion unterst\u00fctzt. Die Kapseln enthalten nat\u00fcrliche Inhaltsstoffe mit antioxidativen und entz\u00fcndungshemmenden Eigenschaften, wie z.B. Kurkuma (mit Curcuminoiden), das dazu beitr\u00e4gt, eine gute Gelenkbeweglichkeit zu erhalten und entz\u00fcndungsbedingte Erkrankungen zu bek\u00e4mpfen.<\/p>\n<p><strong>Wichtigste Zutaten:<\/strong><\/p>\n<p>&#8211; Bromelain (2500 GDU): eine nat\u00fcrliche Protease, die aus Ananas gewonnen wird und f\u00fcr ihre entz\u00fcndungshemmenden und verdauungsf\u00f6rdernden Eigenschaften bekannt ist.<\/p>\n<p>&#8211; Fermentiertes Soja (Natto): reich an Nattokinase, einem Enzym, das die kardiovaskul\u00e4re Gesundheit unterst\u00fctzt, indem es die richtige Funktion des Kreislaufsystems f\u00f6rdert.<\/p>\n<p>&#8211; Curcuma Meriva\u00ae: eine hoch bioverf\u00fcgbare Form von Curcumin, die zur Bek\u00e4mpfung von Entz\u00fcndungen beitr\u00e4gt und eine starke antioxidative Wirkung hat.<\/p>\n<p><strong>Methode der Anwendung:<\/strong><\/p>\n<p>Nehmen Sie 2 Kapseln t\u00e4glich, vorzugsweise zwischen den Mahlzeiten, um beste Ergebnisse zu erzielen.<\/p>\n<p><strong>Warnungen:<\/strong><\/p>\n<p>&#8211; \u00dcberschreiten Sie nicht die empfohlene Tagesdosis.<\/p>\n<p>&#8211; Au\u00dferhalb der Reichweite von Kindern unter 3 Jahren aufbewahren.<\/p>\n<p>&#8211; Nahrungserg\u00e4nzungsmittel sollten eine ausgewogene Ern\u00e4hrung und eine gesunde Lebensweise nicht ersetzen.<\/p>\n<p>&#8211; Verwenden Sie es nicht in der Schwangerschaft, w\u00e4hrend der Stillzeit oder bei eingeschr\u00e4nkter Leber- oder Gallenfunktion. Bei Vorliegen von Gallensteinen wird die Einnahme nicht empfohlen.<\/p>\n<p>&#8211; Bei gleichzeitiger Einnahme mit Medikamenten konsultieren Sie vor der Einnahme Ihren Arzt.<\/p>\n<p>&#8211; Verwenden Sie es nicht \u00fcber einen l\u00e4ngeren Zeitraum ohne \u00e4rztlichen Rat.<\/p>\n<p><strong>Konservierung:<\/strong><\/p>\n<p>Bewahren Sie es an einem k\u00fchlen, trockenen und lichtgesch\u00fctzten Ort auf. Das Verfallsdatum bezieht sich auf die korrekte Lagerung des Produkts in der unge\u00f6ffneten Verpackung.<\/p>\n<p><strong>Format:<\/strong><\/p>\n<p>Inhalt: <strong>60<\/strong> Kapseln zu 513 mg (Nettogewicht 30,78 g). &#8211; <strong>120<\/strong> Kapseln zu 513 mg (Nettogewicht 61,65 g).<\/p>\n<p><strong>Zusammensetzung pro 2 Kapseln:<\/strong><\/p>\n<p>&#8211; Bromelain 500 mg (entspricht 1250 GDU)<\/p>\n<p>&#8211; Curcuma Meriva\u00ae (20% Curcuminoide) 100 mg (davon Curcuminoide 20 mg)<\/p>\n<p>&#8211; Fermentierter Sojaextrakt 100 mg (minimale Nattokinase-Aktivit\u00e4t 20.000 FU\/g)<\/p>\n<p><strong>Anmerkung:<\/strong><\/p>\n<p>Meriva\u00ae ist eine eingetragene Marke von Indena S.p.A., Italien. NATTO KURAL ist ein Produkt zur Unterst\u00fctzung der Gelenke und des Kreislaufs, das mit nat\u00fcrlichen Inhaltsstoffen formuliert und f\u00fcr eine einfache und gezielte Einnahme konzipiert wurde.<\/p>\n","protected":false},"excerpt":{"rendered":"<p>Natto-Kural, Nahrungserg\u00e4nzungsmittel: unterst\u00fctzt das kardiovaskul\u00e4re System und reduziert Entz\u00fcndungen<\/p>\n","protected":false},"featured_media":3980,"template":"","meta":[],"product_brand":[],"product_cat":[36],"product_tag":[],"class_list":{"0":"post-3298","1":"product","2":"type-product","3":"status-publish","4":"has-post-thumbnail","6":"product_cat-nahrungsergaenzungsmittel-de","8":"first","9":"instock","10":"taxable","11":"shipping-taxable","12":"purchasable","13":"product-type-variable"},"_links":{"self":[{"href":"https:\/\/www.kuralp.com\/de\/wp-json\/wp\/v2\/product\/3298","targetHints":{"allow":["GET"]}}],"collection":[{"href":"https:\/\/www.kuralp.com\/de\/wp-json\/wp\/v2\/product"}],"about":[{"href":"https:\/\/www.kuralp.com\/de\/wp-json\/wp\/v2\/types\/product"}],"wp:featuredmedia":[{"embeddable":true,"href":"https:\/\/www.kuralp.com\/de\/wp-json\/wp\/v2\/media\/3980"}],"wp:attachment":[{"href":"https:\/\/www.kuralp.com\/de\/wp-json\/wp\/v2\/media?parent=3298"}],"wp:term":[{"taxonomy":"product_brand","embeddable":true,"href":"https:\/\/www.kuralp.com\/de\/wp-json\/wp\/v2\/product_brand?post=3298"},{"taxonomy":"product_cat","embeddable":true,"href":"https:\/\/www.kuralp.com\/de\/wp-json\/wp\/v2\/product_cat?post=3298"},{"taxonomy":"product_tag","embeddable":true,"href":"https:\/\/www.kuralp.com\/de\/wp-json\/wp\/v2\/product_tag?post=3298"}],"curies":[{"name":"wp","href":"https:\/\/api.w.org\/{rel}","templated":true}]}}