{"id":3297,"date":"2024-07-03T14:54:50","date_gmt":"2024-07-03T12:54:50","guid":{"rendered":"https:\/\/www.kuralp.com\/prodotto\/immuno-kural-integratore-alimentare\/"},"modified":"2025-01-11T21:29:14","modified_gmt":"2025-01-11T20:29:14","slug":"immuno-kural-nahrungsergaenzungsmittel","status":"publish","type":"product","link":"https:\/\/www.kuralp.com\/de\/prodotto\/immuno-kural-nahrungsergaenzungsmittel\/","title":{"rendered":"Immuno-Kural Nahrungserg\u00e4nzungsmittel"},"content":{"rendered":"<p><strong>Beschreibung des Produkts:<\/strong><\/p>\n<p>IMMUNO KURAL Spray ist ein Nahrungserg\u00e4nzungsmittel zur F\u00f6rderung des Wohlbefindens der oberen Atemwege dank einer Formel, die nat\u00fcrliche Extrakte aus Schwarzer Johannisbeere, Propolis, Wildem Thymian und Mischbl\u00fctenhonig kombiniert. Diese Inhaltsstoffe sind f\u00fcr ihre wohltuenden Eigenschaften bekannt, wie die Unterst\u00fctzung der nat\u00fcrlichen Abwehrkr\u00e4fte des K\u00f6rpers, die Verfl\u00fcssigung der Bronchialsekrete und die antioxidative Wirkung.<\/p>\n<p><strong>Hinweise zur Anwendung:<\/strong><\/p>\n<p>F\u00fcr eine optimale Anwendung wird empfohlen, dreimal t\u00e4glich 4 Spr\u00fchst\u00f6\u00dfe direkt in den Mund zu nehmen. Halten Sie die Flasche aufrecht und dr\u00fccken Sie die Kappe schnell und fest herunter. Vor Gebrauch gut sch\u00fctteln.<\/p>\n<p><strong>Hauptinhaltsstoffe:<\/strong><\/p>\n<p>\u00b7 Schwarze Johannisbeere (Knospen): unterst\u00fctzt das Wohlbefinden der Atemwege.<\/p>\n<p>\u00b7 Propolis: bekannt f\u00fcr ihre antimikrobiellen Eigenschaften und die Unterst\u00fctzung der nat\u00fcrlichen Abwehrkr\u00e4fte.<\/p>\n<p>\u00b7 Wilder Thymian (Thymus serpyllum): hat eine antioxidative Wirkung und unterst\u00fctzt das Wohlbefinden von Nase und Rachen.<\/p>\n<p>\u00b7 Mischbl\u00fctenhonig: ist bekannt f\u00fcr seine beruhigende Wirkung und die F\u00f6rderung des Wohlbefindens der Atemwege.<\/p>\n<p><strong>Bitte beachten:<\/strong><\/p>\n<p>\u00b7 Nicht w\u00e4hrend der Schwangerschaft und Stillzeit verwenden.<\/p>\n<p>\u00b7 Nicht an Kinder unter 12 Jahren verabreichen.<\/p>\n<p>\u00b7 Die empfohlene Tagesdosis darf nicht \u00fcberschritten werden.<\/p>\n<p>\u00b7 Au\u00dferhalb der Reichweite von Kindern unter 3 Jahren aufbewahren.<\/p>\n<p>\u00b7 Nicht bei \u00dcberempfindlichkeit oder Allergie gegen einen der Inhaltsstoffe verwenden.<\/p>\n<p><strong>Lagerung:<\/strong><\/p>\n<p>Lagern Sie das Produkt an einem k\u00fchlen, trockenen Ort, fern von Licht- und W\u00e4rmequellen. Die Haltbarkeitsdauer bezieht sich auf das korrekt gelagerte Produkt.<\/p>\n<p><strong>Format:<\/strong><\/p>\n<p>30-ml-Flasche mit Spr\u00fchspender, praktisch und einfach in der Anwendung.<\/p>\n<p><strong>Eigenschaften:<\/strong><\/p>\n<p>\u00b7 Alkoholischer Grad: 44%.<\/p>\n<p>\u00b7 Indikationen: Unterst\u00fctzung der Verfl\u00fcssigung von Bronchialsekreten, Antioxidans und f\u00fcr das Wohlbefinden von Nase und Rachen.<\/p>\n<p><strong>Hinweis:<\/strong><\/p>\n<p>IMMUNO KURAL Spray ist ideal f\u00fcr alle, die ein nat\u00fcrliches Mittel zum Schutz der Atemwege und zur Unterst\u00fctzung der nat\u00fcrlichen Abwehrkr\u00e4fte suchen. Dank seiner ausgew\u00e4hlten Inhaltsstoffe bietet es eine praktische und gezielte L\u00f6sung f\u00fcr das t\u00e4gliche Wohlbefinden.<\/p>\n","protected":false},"excerpt":{"rendered":"<p>Immuno-Kural, nat\u00fcrliches Nahrungserg\u00e4nzungsmittel ohne Zusatzstoffe: unterst\u00fctzt das Immunsystem und h\u00e4lt die Atemwege gesund<\/p>\n","protected":false},"featured_media":3971,"template":"","meta":[],"product_brand":[],"product_cat":[36],"product_tag":[],"class_list":{"0":"post-3297","1":"product","2":"type-product","3":"status-publish","4":"has-post-thumbnail","6":"product_cat-nahrungsergaenzungsmittel-de","8":"first","9":"instock","10":"taxable","11":"shipping-taxable","12":"purchasable","13":"product-type-simple"},"_links":{"self":[{"href":"https:\/\/www.kuralp.com\/de\/wp-json\/wp\/v2\/product\/3297","targetHints":{"allow":["GET"]}}],"collection":[{"href":"https:\/\/www.kuralp.com\/de\/wp-json\/wp\/v2\/product"}],"about":[{"href":"https:\/\/www.kuralp.com\/de\/wp-json\/wp\/v2\/types\/product"}],"wp:featuredmedia":[{"embeddable":true,"href":"https:\/\/www.kuralp.com\/de\/wp-json\/wp\/v2\/media\/3971"}],"wp:attachment":[{"href":"https:\/\/www.kuralp.com\/de\/wp-json\/wp\/v2\/media?parent=3297"}],"wp:term":[{"taxonomy":"product_brand","embeddable":true,"href":"https:\/\/www.kuralp.com\/de\/wp-json\/wp\/v2\/product_brand?post=3297"},{"taxonomy":"product_cat","embeddable":true,"href":"https:\/\/www.kuralp.com\/de\/wp-json\/wp\/v2\/product_cat?post=3297"},{"taxonomy":"product_tag","embeddable":true,"href":"https:\/\/www.kuralp.com\/de\/wp-json\/wp\/v2\/product_tag?post=3297"}],"curies":[{"name":"wp","href":"https:\/\/api.w.org\/{rel}","templated":true}]}}