{"id":3839,"date":"2025-01-28T16:17:58","date_gmt":"2025-01-28T15:17:58","guid":{"rendered":"https:\/\/www.kuralp.com\/cookie-policy\/"},"modified":"2025-09-12T15:09:46","modified_gmt":"2025-09-12T13:09:46","slug":"cookie-policy","status":"publish","type":"page","link":"https:\/\/www.kuralp.com\/de\/cookie-policy\/","title":{"rendered":"Cookie Policy"},"content":{"rendered":"\r\n<h2 class=\"wp-block-heading\"><strong>Cookie-Richtlinie<\/strong><\/h2>\r\n<h2>1. Einf\u00fchrung<\/h2>\r\n<p>Unsere Website <a href=\"https:\/\/www.kuralp.com\/de\/\">https:\/\/www.kuralp.com\/<\/a> (im Folgenden: &#8222;die Website&#8220;) verwendet Cookies und andere damit verbundene Technologien (der Einfachheit halber werden alle Technologien als &#8222;Cookies&#8220; bezeichnet). Cookies werden auch von Dritten gesetzt, die wir beauftragt haben. In dem nachstehenden Dokument informieren wir Sie \u00fcber die Verwendung von Cookies auf unserer Website.<\/p>\r\n<p>Einige Cookies und \u00e4hnliche Technologien, die von unserer Website verwendet werden, wie Google Analytics 4 und Pixel von Meta, k\u00f6nnen die \u00dcbermittlung personenbezogener Daten in L\u00e4nder au\u00dferhalb der EU wie die Vereinigten Staaten umfassen, wo das Datenschutzniveau m\u00f6glicherweise von dem der Europ\u00e4ischen Union abweicht.<\/p>\r\n<h2>2. Verantwortlicher f\u00fcr die Datenverarbeitung:<\/h2>\r\n<p>Der Datenverantwortliche ist die KURALP SRL mit Sitz in L. Da Vinci Str., 8 &#8211; 39100 BOZEN (BZ), P.IVA IT03244070219 und kann jederzeit telefonisch unter +39 388 9548831 oder per E-Mail unter info@kuralp.com kontaktiert werden.<\/p>\r\n<h2>3. Was sind Cookies?<\/h2>\r\n<p>Cookies sind einfache Dateien, die mit den Seiten dieser Website verschickt und von Ihrem Browser auf der Festplatte Ihres Computers oder einem anderen Ger\u00e4t gespeichert werden. Die in ihnen gesammelten Informationen k\u00f6nnen bei Ihrem n\u00e4chsten Besuch an unsere Server oder an Server Dritter zur\u00fcckgesendet werden.<\/p>\r\n<h2>4. Was sind Skripte?<\/h2>\r\n<p>Ein Skript ist ein St\u00fcck Code, das verwendet wird, damit unsere Website korrekt und interaktiv funktioniert. Dieser Code wird auf unseren Servern oder auf Ihrem Ger\u00e4t ausgef\u00fchrt.<\/p>\r\n<h2>5. Was ist ein Web-Beacon?<\/h2>\r\n<p>Ein Web-Beacon (oder Pixel-Tag) ist ein kleines, unsichtbares St\u00fcck Text oder Bild auf einer Website, das zur \u00dcberwachung des Website-Verkehrs verwendet wird. Zu diesem Zweck werden verschiedene Daten \u00fcber Sie mithilfe von Web-Beacons gespeichert.<\/p>\r\n<h2>6. Art der Cookies<\/h2>\r\n<p>Was die Art der Cookies betrifft, so gibt es verschiedene Arten:<\/p>\r\n<p><strong>a) Technische oder funktionale Cookies<\/strong><\/p>\r\n<p>Einige Cookies stellen sicher, dass die Website ordnungsgem\u00e4\u00df funktioniert und dass Ihre Einstellungen g\u00fcltig bleiben. Indem wir funktionale Cookies setzen, erleichtern wir Ihnen den Besuch unserer Website. So m\u00fcssen Sie nicht immer wieder dieselben Informationen eingeben, wenn Sie unsere Website besuchen, z. B. bleibt der Artikel in Ihrem Einkaufswagen, bis Sie ihn bezahlt haben. Wir k\u00f6nnen diese Cookies auch ohne Ihre Zustimmung setzen.<\/p>\r\n<p><strong>b) Statistische Cookies<\/strong><\/p>\r\n<p>Wir verwenden statistische Cookies, um die Nutzung der Website f\u00fcr unsere Nutzer zu optimieren. Mit diesen statistischen Cookies gewinnen wir Erkenntnisse \u00fcber die Nutzung unserer Website. Wir bitten Sie um Ihre Erlaubnis, statistische Cookies zu setzen; diese umfassen Google Analytics 4, das Ihre Zustimmung ben\u00f6tigt, um statistische Daten zu sammeln und Remarketing-Aktivit\u00e4ten durchzuf\u00fchren.<\/p>\r\n<p><strong>c) Marketing- oder Tracking-Cookies<\/strong><\/p>\r\n<p>Marketing-\/Tracking-Cookies sind Cookies oder jede andere Form der lokalen Speicherung, die zur Erstellung von Nutzerprofilen f\u00fcr die Anzeige von Werbung oder zur Verfolgung des Nutzers auf dieser Website oder anderen Websites f\u00fcr \u00e4hnliche Marketingzwecke verwendet werden; dazu geh\u00f6rt Pixel von Meta, das zur Verfolgung von Conversions und zur Erstellung personalisierter Zielgruppen f\u00fcr gezielte Werbekampagnen verwendet wird.<\/p>\r\n<p>Pixel von Meta wird verwendet, um Benutzerprofile zu erstellen und gezielte Werbung basierend auf den beim Surfen im Internet gezeigten Pr\u00e4ferenzen zu senden. Dank dieses Tools ist es m\u00f6glich:<\/p>\r\n<ul>\r\n<li>Die Aktivit\u00e4ten des Benutzers auf der Website zu verfolgen (z. B. Interaktionen, K\u00e4ufe, Seitenaufrufe).<\/li>\r\n<li>Personalisiert Zielgruppen f\u00fcr gezielte Werbekampagnen zu erstellen.<\/li>\r\n<li>Relevante Anzeigen auf von Meta Platforms betriebenen Plattformen (Facebook, Instagram, Messenger usw.) bereitzustellen. Die Installation und Nutzung dieser Cookies erfordert Ihre ausdr\u00fcckliche Zustimmung gem\u00e4\u00df der Datenschutz-Grundverordnung (DSGVO).<\/li>\r\n<\/ul>\r\n<p>Google Analytics 4 wird verwendet, um Informationen \u00fcber die Interaktionen der Nutzer mit der Website zu sammeln, um die Benutzererfahrung zu verbessern und Inhalte zu personalisieren. Diese Cookies k\u00f6nnen auch f\u00fcr Remarketing-Aktivit\u00e4ten verwendet werden, indem relevante Anzeigen auf anderen Websites basierend auf dem Verhalten des Nutzers angezeigt werden.<\/p>\r\n<p>Die Verwendung von Google Analytics-Cookies erfordert Ihre ausdr\u00fcckliche Zustimmung.<\/p>\r\n<p><strong>d) Profilierungs-Cookies<\/strong><\/p>\r\n<p>Profilierungs-Cookies dienen der Erstellung von Nutzerprofilen und werden verwendet, um Werbebotschaften zu versenden, die den beim Surfen im Internet ge\u00e4u\u00dferten Pr\u00e4ferenzen des Nutzers entsprechen.<\/p>\r\n<p>F\u00fcr die Verwendung von Profilierungs-Cookies ist die Zustimmung der betroffenen Person erforderlich. Gem\u00e4\u00df der Verordnung Nr. 229 vom 8. Mai 2014 muss der Nutzer der Installation von Profilierungs-Cookies zustimmen oder sie verweigern k\u00f6nnen, falls diese vorhanden sind.<\/p>\r\n<p><strong>Pixel von Meta<\/strong><\/p>\r\n<p>Pixel von Meta ist ein Tool, das verwendet wird, um Benutzerprofile zu erstellen und gezielte Werbung basierend auf den beim Surfen gezeigten Pr\u00e4ferenzen zu senden.<\/p>\r\n<p>Mit diesem Tool ist es m\u00f6glich:<\/p>\r\n<ul>\r\n<li>Die Aktivit\u00e4ten des Benutzers auf der Website zu verfolgen (z. B. Interaktionen, K\u00e4ufe, Seitenaufrufe).<\/li>\r\n<li>Personalisiert Zielgruppen f\u00fcr gezielte Werbekampagnen zu erstellen.<\/li>\r\n<li>Relevante Anzeigen auf von Meta Platforms betriebenen Plattformen (Facebook, Instagram usw.) bereitzustellen. Die Installation und Nutzung dieser Cookies erfordert Ihre ausdr\u00fcckliche Zustimmung gem\u00e4\u00df der Datenschutz-Grundverordnung (DSGVO)<\/li>\r\n<\/ul>\r\n<h2>7. Daten\u00fcbermittlung in die USA<\/h2>\r\n<p>Die \u00dcbermittlungen erfolgen in \u00dcbereinstimmung mit den von der Europ\u00e4ischen Kommission genehmigten Standardvertragsklauseln und gegebenenfalls dem EU-US Data Privacy Framework. Es wird jedoch darauf hingewiesen, dass personenbezogene Daten, die in die Vereinigten Staaten \u00fcbermittelt werden, gem\u00e4\u00df den lokalen Vorschriften von den dortigen Beh\u00f6rden eingesehen werden k\u00f6nnen. Die auf dieser Website installierten Dienste, f\u00fcr die eine \u00dcbermittlung personenbezogener Daten in die USA vorgesehen ist, umfassen:<\/p>\r\n<ul>\r\n<li>Google Analytics 4: f\u00fcr statistische Analysen und Remarketing.<\/li>\r\n<li>Pixel von Meta: f\u00fcr Profilbildung und zielgerichtetes Marketing.<\/li>\r\n<\/ul>\r\n<h2>8. Auf dieser Website installierte Cookies<\/h2>\r\n<p>Hier ist die Liste der Cookies (logisch gruppiert nach Funktionalit\u00e4t oder Anbieter) auf der Website. Cookies von Drittanbietern sind mit einem Link zu den Datenschutzrichtlinien des jeweiligen Drittanbieters versehen, wo Sie eine detaillierte Beschreibung der einzelnen Cookies und ihrer Handhabung finden.<\/p>\r\n<table>\r\n<thead>\r\n<tr>\r\n<th>NAME DES COOKIES<\/th>\r\n<th>FUNKTION<\/th>\r\n<th>DAUER<\/th>\r\n<th>KATEGORIE<\/th>\r\n<th>ANBIETER<\/th>\r\n<th>DATENSCHUTZRICHTLINIE<\/th>\r\n<\/tr>\r\n<\/thead>\r\n<tbody>\r\n<tr>\r\n<td>em_cookie_consent<\/td>\r\n<td>Speichert die Pr\u00e4ferenzen des Benutzers.<\/td>\r\n<td>1 Jahr<\/td>\r\n<td>Funktional<\/td>\r\n<td>EmotionMedia<\/td>\r\n<td><a href=\"https:\/\/www.emotionmedia.it\/de\/privacy-policy\/\" target=\"_blank\" rel=\"noopener\">Datenschutzrichtlinie EmotionMedia<\/a><\/td>\r\n<\/tr>\r\n<tr>\r\n<td>sbjs_migrations<\/td>\r\n<td>Wird f\u00fcr die interne Verfolgung verwendet.<\/td>\r\n<td>Sitzung<\/td>\r\n<td>Analyse \/ Statistik<\/td>\r\n<td>Kuralp.com (\u00fcber Sourcebuster.js)<\/td>\r\n<td>Datenschutzrichtlinie der Website Kuralp.com<\/td>\r\n<\/tr>\r\n<tr>\r\n<td>sbjs_current_add<\/td>\r\n<td>Speichert zus\u00e4tzliche Details zur aktuellen Sitzung.<\/td>\r\n<td>Sitzung<\/td>\r\n<td>Analyse \/ Statistik<\/td>\r\n<td>Kuralp.com (\u00fcber Sourcebuster.js)<\/td>\r\n<td>Datenschutzrichtlinie der Website Kuralp.com<\/td>\r\n<\/tr>\r\n<tr>\r\n<td>sbjs_first_add<\/td>\r\n<td>Speichert die Details des ersten Besuchs auf der Website.<\/td>\r\n<td>Sitzung<\/td>\r\n<td>Analyse \/ Statistik<\/td>\r\n<td>Kuralp.com (\u00fcber Sourcebuster.js)<\/td>\r\n<td>Datenschutzrichtlinie der Website Kuralp.com<\/td>\r\n<\/tr>\r\n<tr>\r\n<td>sbjs_current<\/td>\r\n<td>Verfolgt die aktuelle Traffic-Quelle.<\/td>\r\n<td>Sitzung<\/td>\r\n<td>Analyse \/ Statistik<\/td>\r\n<td>Kuralp.com (\u00fcber Sourcebuster.js)<\/td>\r\n<td>Datenschutzrichtlinie der Website Kuralp.com<\/td>\r\n<\/tr>\r\n<tr>\r\n<td>sbjs_first<\/td>\r\n<td>Registriert die urspr\u00fcngliche Traffic-Quelle.<\/td>\r\n<td>Sitzung<\/td>\r\n<td>Analyse \/ Statistik<\/td>\r\n<td>Kuralp.com (\u00fcber Sourcebuster.js)<\/td>\r\n<td>Datenschutzrichtlinie der Website Kuralp.com<\/td>\r\n<\/tr>\r\n<tr>\r\n<td>wp-wpml_current_language<\/td>\r\n<td>Speichert die vom Benutzer gew\u00e4hlte Sprache.<\/td>\r\n<td>Sitzung<\/td>\r\n<td>Funktional<\/td>\r\n<td>Kuralp.com (\u00fcber WPML Plugin)<\/td>\r\n<td><a href=\"https:\/\/onthegosystems.com\/legal\/privacy-policy-and-gdpr-compliance\/\" target=\"_blank\" rel=\"noopener\">Datenschutzrichtlinie OnTheGoSystems (WPML)<\/a><\/td>\r\n<\/tr>\r\n<tr>\r\n<td>sbjs_udata<\/td>\r\n<td>Speichert allgemeine Benutzerdaten wie den User-Agent.<\/td>\r\n<td>Sitzung<\/td>\r\n<td>Analyse \/ Statistik<\/td>\r\n<td>Kuralp.com (\u00fcber Sourcebuster.js)<\/td>\r\n<td>Datenschutzrichtlinie der Website Kuralp.com<\/td>\r\n<\/tr>\r\n<tr>\r\n<td>sbjs_session<\/td>\r\n<td>Registriert die Anzahl der besuchten Seiten w\u00e4hrend der aktuellen Sitzung.<\/td>\r\n<td>Kurzfristig (nicht sitzungsbezogen)<\/td>\r\n<td>Analyse \/ Statistik<\/td>\r\n<td>Kuralp.com (\u00fcber Sourcebuster.js)<\/td>\r\n<td>Datenschutzrichtlinie der Website Kuralp.com<\/td>\r\n<\/tr>\r\n<tr>\r\n<td>_ga<\/td>\r\n<td>Registriert eine eindeutige ID zur statistischen Identifizierung des Besuchers.<\/td>\r\n<td>2 Jahre<\/td>\r\n<td>Analyse \/ Statistik<\/td>\r\n<td>Google Analytics<\/td>\r\n<td><a href=\"https:\/\/policies.google.com\/privacy?hl=it\" target=\"_blank\" rel=\"noopener\">Datenschutzrichtlinie von Google<\/a><\/td>\r\n<\/tr>\r\n<tr>\r\n<td>_gid<\/td>\r\n<td>Registriert eine eindeutige ID f\u00fcr die aktuelle Besuchersitzung.<\/td>\r\n<td>24 Stunden<\/td>\r\n<td>Analyse \/ Statistik<\/td>\r\n<td>Google Analytics<\/td>\r\n<td><a href=\"https:\/\/policies.google.com\/privacy?hl=it\" target=\"_blank\" rel=\"noopener\">Datenschutzrichtlinie von Google<\/a><\/td>\r\n<\/tr>\r\n<\/tbody>\r\n<\/table>\r\n<h2>9. Zustimmung<\/h2>\r\n<p>Sobald Sie auf &#8222;ALLE AKZEPTIEREN&#8220; klicken, geben Sie uns die Erlaubnis, die Kategorien von Cookies und Plugins zu verwenden, wie in diesem Popup und der Cookie-Erkl\u00e4rung beschrieben. Sie k\u00f6nnen Ihre Cookie-Einstellungen jederzeit \u00e4ndern, indem Sie auf die Schaltfl\u00e4che \u201eCookie-Einstellungen\u201c klicken, die im Footer der Website verf\u00fcgbar ist. Die Deaktivierung von Marketing- und Profilierungs-Cookies beeintr\u00e4chtigt nicht die grundlegenden Funktionen der Website.<\/p>\r\n<h2>10. Ihre Rechte<\/h2>\r\n<p>Sie haben die folgenden Rechte in Bezug auf Ihre personenbezogenen Daten:<\/p>\r\n<ul>\r\n<li>Sie haben das Recht zu erfahren, wann Ihre personenbezogenen Daten ben\u00f6tigt werden, was mit ihnen geschieht und wie lange sie aufbewahrt werden.<\/li>\r\n<li>Auskunftsrecht: Sie haben das Recht auf Auskunft \u00fcber Ihre personenbezogenen Daten, von denen wir Kenntnis haben.<\/li>\r\n<li>Recht auf Berichtigung: Sie haben das Recht, Ihre personenbezogenen Daten zu erg\u00e4nzen, zu berichtigen, zu l\u00f6schen oder zu sperren, wann immer Sie dies w\u00fcnschen.<\/li>\r\n<li>Wenn Sie uns eine Einwilligung zur Verarbeitung Ihrer Daten erteilt haben, haben Sie das Recht, diese Einwilligung zu widerrufen und Ihre personenbezogenen Daten zu l\u00f6schen.<\/li>\r\n<li>Recht auf \u00dcbermittlung Ihrer Daten: Sie haben das Recht, alle Ihre Daten von dem f\u00fcr die Verarbeitung Verantwortlichen anzufordern und sie an einen anderen f\u00fcr die Verarbeitung Verantwortlichen zu \u00fcbermitteln.<\/li>\r\n<li>Widerspruchsrecht: Sie haben das Recht, der Verarbeitung Ihrer personenbezogenen Daten, die sich aus der Verwendung von Profilierungs-Cookies (z. B. Pixel von Meta) oder Remarketing-Cookies (z. B. Google Analytics 4) ergibt, zu widersprechen. Diese Deaktivierung kann \u00fcber die Cookie-Einstellungen auf der Website vorgenommen werden.<\/li>\r\n<\/ul>","protected":false},"excerpt":{"rendered":"<p>Cookie-Richtlinie 1. Einf\u00fchrung Unsere Website https:\/\/www.kuralp.com\/ (im Folgenden: &#8222;die Website&#8220;) verwendet Cookies und andere damit verbundene Technologien (der Einfachheit halber werden alle Technologien als &#8222;Cookies&#8220;&#8230;<\/p>\n","protected":false},"author":3,"featured_media":0,"parent":0,"menu_order":0,"comment_status":"closed","ping_status":"open","template":"","meta":{"footnotes":""},"class_list":["post-3839","page","type-page","status-publish"],"_links":{"self":[{"href":"https:\/\/www.kuralp.com\/de\/wp-json\/wp\/v2\/pages\/3839","targetHints":{"allow":["GET"]}}],"collection":[{"href":"https:\/\/www.kuralp.com\/de\/wp-json\/wp\/v2\/pages"}],"about":[{"href":"https:\/\/www.kuralp.com\/de\/wp-json\/wp\/v2\/types\/page"}],"author":[{"embeddable":true,"href":"https:\/\/www.kuralp.com\/de\/wp-json\/wp\/v2\/users\/3"}],"replies":[{"embeddable":true,"href":"https:\/\/www.kuralp.com\/de\/wp-json\/wp\/v2\/comments?post=3839"}],"version-history":[{"count":3,"href":"https:\/\/www.kuralp.com\/de\/wp-json\/wp\/v2\/pages\/3839\/revisions"}],"predecessor-version":[{"id":4018,"href":"https:\/\/www.kuralp.com\/de\/wp-json\/wp\/v2\/pages\/3839\/revisions\/4018"}],"wp:attachment":[{"href":"https:\/\/www.kuralp.com\/de\/wp-json\/wp\/v2\/media?parent=3839"}],"curies":[{"name":"wp","href":"https:\/\/api.w.org\/{rel}","templated":true}]}}