{"id":3835,"date":"2025-01-18T23:10:59","date_gmt":"2025-01-18T22:10:59","guid":{"rendered":"https:\/\/www.kuralp.com\/condizioni-generali\/"},"modified":"2025-05-28T14:31:52","modified_gmt":"2025-05-28T12:31:52","slug":"allgemeine-bedingungen","status":"publish","type":"page","link":"https:\/\/www.kuralp.com\/de\/allgemeine-bedingungen\/","title":{"rendered":"Allgemeine Bedingungen"},"content":{"rendered":"[vc_row type=&#8220;full_width_background&#8220; full_screen_row_position=&#8220;middle&#8220; column_margin=&#8220;default&#8220; column_direction=&#8220;default&#8220; column_direction_tablet=&#8220;default&#8220; column_direction_phone=&#8220;default&#8220; bg_image=&#8220;3686&#8243; bg_position=&#8220;custom&#8220; bg_position_x=&#8220;0%&#8220; bg_position_y=&#8220;50%&#8220; background_image_loading=&#8220;default&#8220; bg_repeat=&#8220;no-repeat&#8220; scene_position=&#8220;center&#8220; mouse_sensitivity=&#8220;19&#8243; layer_one_strength=&#8220;0.11&#8243; layer_two_strength=&#8220;0.24&#8243; layer_three_image=&#8220;https:\/\/themenectar.com\/demo\/salient-frostwave\/wp-content\/uploads\/2013\/03\/ground-revised.png&#8220; layer_three_strength=&#8220;0.5&#8243; top_padding=&#8220;15%&#8220; bottom_padding=&#8220;13%&#8220; text_color=&#8220;light&#8220; text_align=&#8220;left&#8220; row_border_radius=&#8220;none&#8220; row_border_radius_applies=&#8220;bg&#8220; overflow=&#8220;visible&#8220; overlay_strength=&#8220;0.3&#8243; gradient_direction=&#8220;left_to_right&#8220; shape_divider_position=&#8220;bottom&#8220; bg_image_animation=&#8220;none&#8220; gradient_type=&#8220;default&#8220; shape_type=&#8220;&#8220;][vc_column column_padding=&#8220;no-extra-padding&#8220; column_padding_tablet=&#8220;inherit&#8220; column_padding_phone=&#8220;inherit&#8220; column_padding_position=&#8220;all&#8220; column_element_direction_desktop=&#8220;default&#8220; column_element_spacing=&#8220;default&#8220; desktop_text_alignment=&#8220;default&#8220; tablet_text_alignment=&#8220;default&#8220; phone_text_alignment=&#8220;default&#8220; background_color_opacity=&#8220;1&#8243; background_hover_color_opacity=&#8220;1&#8243; column_backdrop_filter=&#8220;none&#8220; column_shadow=&#8220;none&#8220; column_border_radius=&#8220;none&#8220; column_link_target=&#8220;_self&#8220; column_position=&#8220;default&#8220; gradient_direction=&#8220;left_to_right&#8220; overlay_strength=&#8220;0.3&#8243; width=&#8220;1\/1&#8243; tablet_width_inherit=&#8220;default&#8220; animation_type=&#8220;default&#8220; bg_image_animation=&#8220;none&#8220; border_type=&#8220;simple&#8220; column_border_width=&#8220;none&#8220; column_border_style=&#8220;solid&#8220; column_padding_type=&#8220;default&#8220; gradient_type=&#8220;default&#8220;][vc_column_text css=&#8220;&#8220; text_direction=&#8220;default&#8220;]\n<h1>Allgemeine Bedingungen<\/h1>\n<h3>Entdecke die Allgemeinen Gesch\u00e4ftsbedingungen von Kuralp<\/h3>\n[\/vc_column_text][\/vc_column][\/vc_row][vc_row type=&#8220;full_width_content&#8220; full_screen_row_position=&#8220;middle&#8220; column_margin=&#8220;custom&#8220; column_margin_custom=&#8220;7vw&#8220; equal_height=&#8220;yes&#8220; content_placement=&#8220;middle&#8220; column_direction=&#8220;default&#8220; column_direction_tablet=&#8220;default&#8220; column_direction_phone=&#8220;default&#8220; bg_color=&#8220;#f8f8f8&#8243; scene_position=&#8220;center&#8220; top_padding=&#8220;3%&#8220; bottom_padding=&#8220;12%&#8220; left_padding_desktop=&#8220;7vw&#8220; constrain_group_2=&#8220;yes&#8220; right_padding_desktop=&#8220;7vw&#8220; text_color=&#8220;dark&#8220; text_align=&#8220;left&#8220; row_border_radius=&#8220;none&#8220; row_border_radius_applies=&#8220;bg&#8220; overflow=&#8220;visible&#8220; advanced_gradient_angle=&#8220;0&#8243; overlay_strength=&#8220;0.8&#8243; gradient_direction=&#8220;left_to_right&#8220; shape_divider_color=&#8220;#000000&#8243; shape_divider_position=&#8220;bottom&#8220; shape_divider_height=&#8220;99%&#8220; bg_image_animation=&#8220;none&#8220; shape_type=&#8220;straight_section&#8220; gradient_type=&#8220;default&#8220;][vc_column left_padding_desktop=&#8220;2vw&#8220; column_element_direction_desktop=&#8220;default&#8220; column_element_spacing=&#8220;default&#8220; desktop_text_alignment=&#8220;default&#8220; tablet_text_alignment=&#8220;default&#8220; phone_text_alignment=&#8220;default&#8220; background_color_opacity=&#8220;1&#8243; background_hover_color_opacity=&#8220;1&#8243; column_backdrop_filter=&#8220;none&#8220; column_shadow=&#8220;none&#8220; column_border_radius=&#8220;none&#8220; column_link_target=&#8220;_self&#8220; column_position=&#8220;default&#8220; advanced_gradient_angle=&#8220;0&#8243; gradient_direction=&#8220;left_to_right&#8220; overlay_strength=&#8220;0.3&#8243; width=&#8220;1\/1&#8243; tablet_width_inherit=&#8220;default&#8220; animation_type=&#8220;default&#8220; bg_image_animation=&#8220;none&#8220; border_type=&#8220;simple&#8220; column_border_width=&#8220;none&#8220; column_border_style=&#8220;solid&#8220; column_padding_type=&#8220;advanced&#8220; gradient_type=&#8220;default&#8220;][toggles style=&#8220;minimal_shadow&#8220; accordion=&#8220;true&#8220; accordion_starting_functionality=&#8220;default&#8220; border_radius=&#8220;none&#8220;][toggle color=&#8220;Accent-Color&#8220; heading_tag=&#8220;h3&#8243; heading_tag_functionality=&#8220;default&#8220; title=&#8220;Versand&#8220;][vc_column_text css=&#8220;&#8220; text_direction=&#8220;default&#8220;]<strong>Versand<\/strong><\/p>\n<ul>\n<li><strong>Italien<\/strong>: Kostenloser Versand f\u00fcr Bestellungen \u00fcber 60\u20ac. Versandkosten von 7\u20ac f\u00fcr Bestellungen unter 60\u20ac<\/li>\n<li><strong>Europ\u00e4ische Union<\/strong>: Versandkosten von 18\u20ac.<\/li>\n<\/ul>\n[\/vc_column_text][\/toggle][toggle color=&#8220;Accent-Color&#8220; heading_tag=&#8220;h3&#8243; heading_tag_functionality=&#8220;default&#8220; title=&#8220;Erstattungen und R\u00fccksendungen&#8220;][vc_column_text css=&#8220;&#8220; text_direction=&#8220;default&#8220;]Die Produkte k\u00f6nnen innerhalb von 14 Tagen nach Erhalt der Bestellung zur\u00fcckgegeben werden. R\u00fccksendungen werden nur f\u00fcr unversehrte und unge\u00f6ffnete Verpackungen akzeptiert.[\/vc_column_text][\/toggle][toggle color=&#8220;Accent-Color&#8220; heading_tag=&#8220;h3&#8243; heading_tag_functionality=&#8220;default&#8220; title=&#8220;Zahlungen&#8220;][vc_column_text css=&#8220;&#8220; text_direction=&#8220;default&#8220;]Wir akzeptieren Zahlungen \u00fcber:<\/p>\n<ul>\n<li>PayPal<\/li>\n<li>Kreditkarten<\/li>\n<li>Bank\u00fcberweisung<\/li>\n<li>Satispay<\/li>\n<\/ul>\n[\/vc_column_text][\/toggle][toggle color=&#8220;Accent-Color&#8220; heading_tag=&#8220;default&#8220; heading_tag_functionality=&#8220;default&#8220; title=&#8220;Allgemeine Verkaufsbedingungen&#8220;][vc_column_text css=&#8220;&#8220; text_direction=&#8220;default&#8220;]<strong>Bestellmodalit\u00e4ten und Verkaufsvertrag<\/strong><br \/>\nDer Kunde kann Produkte aus unserem Online-Katalog bestellen, indem er eine Bestellung sendet. Die Bezeichnung \u201everf\u00fcgbar\u201c neben dem Produkt ist indikativ; bei gleichzeitigen Bestellungen von mehreren Kunden behalten wir uns das Recht vor, die Verf\u00fcgbarkeit zu \u00fcberpr\u00fcfen und den Kunden umgehend zu informieren, falls der Artikel nicht verf\u00fcgbar ist. Wir \u00fcbernehmen keine Verantwortung im Falle der Nichtverf\u00fcgbarkeit.<\/p>\n<p><strong>Hinweise<\/strong><br \/>\nNahrungserg\u00e4nzungsmittel sind nicht dazu bestimmt, Krankheiten zu diagnostizieren, zu behandeln oder vorzubeugen. Die auf der Website bereitgestellten Informationen ersetzen in keiner Weise die Meinung eines Gesundheitsfachmanns.<\/p>\n<p><strong>Empfang der Bestellung<\/strong><br \/>\nDie Bestellung wird per E-Mail an die vom Kunden angegebene Adresse best\u00e4tigt. Mit dem Absenden der Bestellung erkl\u00e4rt der Kunde, die Verkaufsbedingungen, die Zahlungsmethoden und das gesamte Kaufverfahren gelesen und akzeptiert zu haben. Nach den gesetzlichen Bestimmungen erh\u00e4lt der Kunde per E-Mail alle Informationen, um den Verk\u00e4ufer zu identifizieren, und muss die Bestellbest\u00e4tigung aufbewahren.<\/p>\n<p><strong>Versand<\/strong><br \/>\nBestellungen, die auf <strong><a href=\"\/de\/home\" target=\"_new\" rel=\"noopener\">www.kuralp.com<\/a><\/strong> aufgegeben werden, werden innerhalb von 1-3 Werktagen per Kurier versendet, mit einer voraussichtlichen Lieferung innerhalb von 3-7 Tagen. F\u00fcr die direkte Abholung ist es erforderlich, uns telefonisch unter +39 388 9548831 zu kontaktieren, um einen Termin zu vereinbaren.<br \/>\nDer Versand in die L\u00e4nder der Europ\u00e4ischen Union kostet 18\u20ac.<\/p>\n<p><strong>R\u00fccksendungen<\/strong><br \/>\nWenn du ein gekauftes Produkt zur\u00fccksenden m\u00f6chtest, musst du es auf deine Kosten an unsere Betriebsadresse senden:<br \/>\nKuralp Srl in der Apotheke Galilei \u2013 Via Galileo Galilei 8\/C \u2013 39100 Bozen (BZ).<br \/>\nDas Widerrufsrecht kann innerhalb von 14 Tagen nach Erhalt der Produkte ausge\u00fcbt werden, vorausgesetzt, die Artikel sind unversehrt und unge\u00f6ffnet. Um das Widerrufsrecht auszu\u00fcben, bitten wir dich, uns eine ausdr\u00fcckliche Mitteilung per Post oder E-Mail mit deinen Daten, der Beschreibung der Artikel und den Bestelldetails zu senden.[\/vc_column_text][\/toggle][\/toggles][\/vc_column][\/vc_row]\n","protected":false},"excerpt":{"rendered":"<p>[vc_row type=&#8220;full_width_background&#8220; full_screen_row_position=&#8220;middle&#8220; column_margin=&#8220;default&#8220; column_direction=&#8220;default&#8220; column_direction_tablet=&#8220;default&#8220; column_direction_phone=&#8220;default&#8220; bg_image=&#8220;3686&#8243; bg_position=&#8220;custom&#8220; bg_position_x=&#8220;0%&#8220; bg_position_y=&#8220;50%&#8220; background_image_loading=&#8220;default&#8220; bg_repeat=&#8220;no-repeat&#8220; scene_position=&#8220;center&#8220; mouse_sensitivity=&#8220;19&#8243; layer_one_strength=&#8220;0.11&#8243; layer_two_strength=&#8220;0.24&#8243; layer_three_image=&#8220;https:\/\/themenectar.com\/demo\/salient-frostwave\/wp-content\/uploads\/2013\/03\/ground-revised.png&#8220; layer_three_strength=&#8220;0.5&#8243; top_padding=&#8220;15%&#8220; bottom_padding=&#8220;13%&#8220; text_color=&#8220;light&#8220; text_align=&#8220;left&#8220; row_border_radius=&#8220;none&#8220; row_border_radius_applies=&#8220;bg&#8220;&#8230;<\/p>\n","protected":false},"author":1,"featured_media":0,"parent":0,"menu_order":0,"comment_status":"closed","ping_status":"closed","template":"","meta":{"footnotes":""},"class_list":["post-3835","page","type-page","status-publish"],"_links":{"self":[{"href":"https:\/\/www.kuralp.com\/de\/wp-json\/wp\/v2\/pages\/3835","targetHints":{"allow":["GET"]}}],"collection":[{"href":"https:\/\/www.kuralp.com\/de\/wp-json\/wp\/v2\/pages"}],"about":[{"href":"https:\/\/www.kuralp.com\/de\/wp-json\/wp\/v2\/types\/page"}],"author":[{"embeddable":true,"href":"https:\/\/www.kuralp.com\/de\/wp-json\/wp\/v2\/users\/1"}],"replies":[{"embeddable":true,"href":"https:\/\/www.kuralp.com\/de\/wp-json\/wp\/v2\/comments?post=3835"}],"version-history":[{"count":3,"href":"https:\/\/www.kuralp.com\/de\/wp-json\/wp\/v2\/pages\/3835\/revisions"}],"predecessor-version":[{"id":3838,"href":"https:\/\/www.kuralp.com\/de\/wp-json\/wp\/v2\/pages\/3835\/revisions\/3838"}],"wp:attachment":[{"href":"https:\/\/www.kuralp.com\/de\/wp-json\/wp\/v2\/media?parent=3835"}],"curies":[{"name":"wp","href":"https:\/\/api.w.org\/{rel}","templated":true}]}}